{"id":501,"date":"2022-04-25T07:31:10","date_gmt":"2022-04-25T07:31:10","guid":{"rendered":"https:\/\/montrealpreconstruction.ca\/home\/"},"modified":"2022-05-27T16:40:51","modified_gmt":"2022-05-27T16:40:51","slug":"home","status":"publish","type":"page","link":"https:\/\/montrealpreconstruction.ca\/fr\/","title":{"rendered":"Accueil"},"content":{"rendered":"","protected":false},"excerpt":{"rendered":"","protected":false},"author":4,"featured_media":0,"parent":0,"menu_order":0,"comment_status":"closed","ping_status":"closed","template":"template-home.php","meta":{"inline_featured_image":false,"footnotes":""},"acf":[],"yoast_head":"<!-- This site is optimized with the Yoast SEO plugin v23.5 - https:\/\/yoast.com\/wordpress\/plugins\/seo\/ -->\n<title>Accueil - CENTURY 21 Unique<\/title>\n<meta name=\"description\" content=\"L&#039;\u00c9TALON-OR DE L&#039;IMMOBILIER. Commencez votre recherche ici. Rechercher Demander une \u00e9valuation de maison Votre succ\u00e8s est notre succ\u00e8s et, dans le march\u00e9 actuel, il est important de fixer un prix correct pour votre maison. D\u00e9couvrez combien votre maison vaut. Demander un guide d&#039;achat Laissez-nous vous aider \u00e0 entamer le processus d&#039;achat de votre [...]\" \/>\n<meta name=\"robots\" content=\"index, follow, max-snippet:-1, max-image-preview:large, max-video-preview:-1\" \/>\n<link rel=\"canonical\" href=\"https:\/\/montrealpreconstruction.ca\/fr\/home\/\" \/>\n<meta property=\"og:locale\" content=\"fr_FR\" \/>\n<meta property=\"og:type\" content=\"article\" \/>\n<meta property=\"og:title\" content=\"Accueil - CENTURY 21 Unique\" \/>\n<meta property=\"og:description\" content=\"L&#039;\u00c9TALON-OR DE L&#039;IMMOBILIER. Commencez votre recherche ici. Rechercher Demander une \u00e9valuation de maison Votre succ\u00e8s est notre succ\u00e8s et, dans le march\u00e9 actuel, il est important de fixer un prix correct pour votre maison. D\u00e9couvrez combien votre maison vaut. Demander un guide d&#039;achat Laissez-nous vous aider \u00e0 entamer le processus d&#039;achat de votre [...]\" \/>\n<meta property=\"og:url\" content=\"https:\/\/montrealpreconstruction.ca\/fr\/home\/\" \/>\n<meta property=\"og:site_name\" content=\"C21 - Projet\" \/>\n<meta property=\"article:modified_time\" content=\"2022-05-27T16:40:51+00:00\" \/>\n<meta property=\"og:image\" content=\"https:\/\/montrealpreconstruction.ca\/wp-content\/uploads\/2022\/05\/og.jpg\" \/>\n\t<meta property=\"og:image:width\" content=\"1903\" \/>\n\t<meta property=\"og:image:height\" content=\"797\" \/>\n\t<meta property=\"og:image:type\" content=\"image\/jpeg\" \/>\n<meta name=\"twitter:card\" content=\"summary_large_image\" \/>\n<script type=\"application\/ld+json\" class=\"yoast-schema-graph\">{\"@context\":\"https:\/\/schema.org\",\"@graph\":[{\"@type\":\"WebPage\",\"@id\":\"https:\/\/montrealpreconstruction.ca\/fr\/home\/\",\"url\":\"https:\/\/montrealpreconstruction.ca\/fr\/home\/\",\"name\":\"Accueil - CENTURY 21 Unique\",\"isPartOf\":{\"@id\":\"https:\/\/montrealpreconstruction.ca\/#website\"},\"datePublished\":\"2022-04-25T07:31:10+00:00\",\"dateModified\":\"2022-05-27T16:40:51+00:00\",\"description\":\"L'\u00c9TALON-OR DE L'IMMOBILIER. Commencez votre recherche ici. Rechercher Demander une \u00e9valuation de maison Votre succ\u00e8s est notre succ\u00e8s et, dans le march\u00e9 actuel, il est important de fixer un prix correct pour votre maison. D\u00e9couvrez combien votre maison vaut. Demander un guide d'achat Laissez-nous vous aider \u00e0 entamer le processus d'achat de votre [...]\",\"breadcrumb\":{\"@id\":\"https:\/\/montrealpreconstruction.ca\/fr\/home\/#breadcrumb\"},\"inLanguage\":\"fr-FR\",\"potentialAction\":[{\"@type\":\"ReadAction\",\"target\":[\"https:\/\/montrealpreconstruction.ca\/fr\/home\/\"]}]},{\"@type\":\"BreadcrumbList\",\"@id\":\"https:\/\/montrealpreconstruction.ca\/fr\/home\/#breadcrumb\",\"itemListElement\":[{\"@type\":\"ListItem\",\"position\":1,\"name\":\"Home\",\"item\":\"https:\/\/montrealpreconstruction.ca\/fr\/home\/\"},{\"@type\":\"ListItem\",\"position\":2,\"name\":\"Accueil\"}]},{\"@type\":\"WebSite\",\"@id\":\"https:\/\/montrealpreconstruction.ca\/#website\",\"url\":\"https:\/\/montrealpreconstruction.ca\/\",\"name\":\"C21 - Projet\",\"description\":\"\",\"potentialAction\":[{\"@type\":\"SearchAction\",\"target\":{\"@type\":\"EntryPoint\",\"urlTemplate\":\"https:\/\/montrealpreconstruction.ca\/?s={search_term_string}\"},\"query-input\":{\"@type\":\"PropertyValueSpecification\",\"valueRequired\":true,\"valueName\":\"search_term_string\"}}],\"inLanguage\":\"fr-FR\"}]}<\/script>\n<!-- \/ Yoast SEO plugin. -->","yoast_head_json":{"title":"Accueil - CENTURY 21 Unique","description":"L'\u00c9TALON-OR DE L'IMMOBILIER. Commencez votre recherche ici. Rechercher Demander une \u00e9valuation de maison Votre succ\u00e8s est notre succ\u00e8s et, dans le march\u00e9 actuel, il est important de fixer un prix correct pour votre maison. D\u00e9couvrez combien votre maison vaut. Demander un guide d'achat Laissez-nous vous aider \u00e0 entamer le processus d'achat de votre [...]","robots":{"index":"index","follow":"follow","max-snippet":"max-snippet:-1","max-image-preview":"max-image-preview:large","max-video-preview":"max-video-preview:-1"},"canonical":"https:\/\/montrealpreconstruction.ca\/fr\/home\/","og_locale":"fr_FR","og_type":"article","og_title":"Accueil - CENTURY 21 Unique","og_description":"L'\u00c9TALON-OR DE L'IMMOBILIER. Commencez votre recherche ici. Rechercher Demander une \u00e9valuation de maison Votre succ\u00e8s est notre succ\u00e8s et, dans le march\u00e9 actuel, il est important de fixer un prix correct pour votre maison. D\u00e9couvrez combien votre maison vaut. Demander un guide d'achat Laissez-nous vous aider \u00e0 entamer le processus d'achat de votre [...]","og_url":"https:\/\/montrealpreconstruction.ca\/fr\/home\/","og_site_name":"C21 - Projet","article_modified_time":"2022-05-27T16:40:51+00:00","og_image":[{"width":1903,"height":797,"url":"https:\/\/montrealpreconstruction.ca\/wp-content\/uploads\/2022\/05\/og.jpg","type":"image\/jpeg"}],"twitter_card":"summary_large_image","schema":{"@context":"https:\/\/schema.org","@graph":[{"@type":"WebPage","@id":"https:\/\/montrealpreconstruction.ca\/fr\/home\/","url":"https:\/\/montrealpreconstruction.ca\/fr\/home\/","name":"Accueil - CENTURY 21 Unique","isPartOf":{"@id":"https:\/\/montrealpreconstruction.ca\/#website"},"datePublished":"2022-04-25T07:31:10+00:00","dateModified":"2022-05-27T16:40:51+00:00","description":"L'\u00c9TALON-OR DE L'IMMOBILIER. Commencez votre recherche ici. Rechercher Demander une \u00e9valuation de maison Votre succ\u00e8s est notre succ\u00e8s et, dans le march\u00e9 actuel, il est important de fixer un prix correct pour votre maison. D\u00e9couvrez combien votre maison vaut. Demander un guide d'achat Laissez-nous vous aider \u00e0 entamer le processus d'achat de votre [...]","breadcrumb":{"@id":"https:\/\/montrealpreconstruction.ca\/fr\/home\/#breadcrumb"},"inLanguage":"fr-FR","potentialAction":[{"@type":"ReadAction","target":["https:\/\/montrealpreconstruction.ca\/fr\/home\/"]}]},{"@type":"BreadcrumbList","@id":"https:\/\/montrealpreconstruction.ca\/fr\/home\/#breadcrumb","itemListElement":[{"@type":"ListItem","position":1,"name":"Home","item":"https:\/\/montrealpreconstruction.ca\/fr\/home\/"},{"@type":"ListItem","position":2,"name":"Accueil"}]},{"@type":"WebSite","@id":"https:\/\/montrealpreconstruction.ca\/#website","url":"https:\/\/montrealpreconstruction.ca\/","name":"C21 - Projet","description":"","potentialAction":[{"@type":"SearchAction","target":{"@type":"EntryPoint","urlTemplate":"https:\/\/montrealpreconstruction.ca\/?s={search_term_string}"},"query-input":{"@type":"PropertyValueSpecification","valueRequired":true,"valueName":"search_term_string"}}],"inLanguage":"fr-FR"}]}},"_links":{"self":[{"href":"https:\/\/montrealpreconstruction.ca\/fr\/wp-json\/wp\/v2\/pages\/501"}],"collection":[{"href":"https:\/\/montrealpreconstruction.ca\/fr\/wp-json\/wp\/v2\/pages"}],"about":[{"href":"https:\/\/montrealpreconstruction.ca\/fr\/wp-json\/wp\/v2\/types\/page"}],"author":[{"embeddable":true,"href":"https:\/\/montrealpreconstruction.ca\/fr\/wp-json\/wp\/v2\/users\/4"}],"replies":[{"embeddable":true,"href":"https:\/\/montrealpreconstruction.ca\/fr\/wp-json\/wp\/v2\/comments?post=501"}],"version-history":[{"count":9,"href":"https:\/\/montrealpreconstruction.ca\/fr\/wp-json\/wp\/v2\/pages\/501\/revisions"}],"predecessor-version":[{"id":558,"href":"https:\/\/montrealpreconstruction.ca\/fr\/wp-json\/wp\/v2\/pages\/501\/revisions\/558"}],"wp:attachment":[{"href":"https:\/\/montrealpreconstruction.ca\/fr\/wp-json\/wp\/v2\/media?parent=501"}],"curies":[{"name":"wp","href":"https:\/\/api.w.org\/{rel}","templated":true}]}}